{"id":7081,"date":"2023-06-19T08:42:28","date_gmt":"2023-06-19T08:42:28","guid":{"rendered":"https:\/\/turbo.redq.io\/turbo\/?post_type=product&amp;p=7081"},"modified":"2023-06-19T08:42:28","modified_gmt":"2023-06-19T08:42:28","slug":"lamborghini-hyperion","status":"publish","type":"product","link":"https:\/\/turbo.redq.io\/translatepress\/es\/producto\/lamborghini-hyperion\/","title":{"rendered":"Lamborghini Hiperi\u00f3n"},"content":{"rendered":"<p>La Lamborghini Hyperion: una obra maestra a medida<\/p>\n<p>El Lamborghini Hyperion se erige como una creaci\u00f3n rara y exclusiva, que muestra el pin\u00e1culo de la artesan\u00eda automotriz a medida. Dise\u00f1ado por Carrozzeria Touring Superleggera, el Hyperion es una impresionante interpretaci\u00f3n de la marca Lamborghini. Las l\u00edneas alargadas y elegantes de su carrocer\u00eda rezuman elegancia, mientras que el exclusivo dise\u00f1o de la parte trasera a\u00f1ade un toque de sofisticaci\u00f3n. La configuraci\u00f3n descapotable mejora a\u00fan m\u00e1s la sensaci\u00f3n de libertad y euforia que conlleva conducir un Lamborghini. En el interior, el Hyperion ofrece una cabina suntuosa y lujosa adornada con materiales de primera calidad y una meticulosa atenci\u00f3n al detalle. Cada aspecto del Hyperion refleja la artesan\u00eda y el arte que se pusieron en su creaci\u00f3n, lo que lo convierte en una verdadera obra maestra entre los entusiastas del autom\u00f3vil.<\/p>\n<p>Tenga en cuenta que el Lamborghini Hyperion es un modelo de edici\u00f3n limitada, del que solo se han producido unos pocos ejemplares.<\/p>\n\n    <div class=\"xs_social_share_widget xs_share_url after_content \t\tmain_content  wslu-style-1 wslu-share-box-shaped wslu-fill-colored wslu-none wslu-share-horizontal wslu-theme-font-no wslu-main_content\">\n\n\t\t\n        <ul>\n\t\t\t        <\/ul>\n    <\/div>","protected":false},"excerpt":{"rendered":"<p>Un dise\u00f1o exquisito y una exclusividad inigualable definen esta obra maestra.<\/p>","protected":false},"featured_media":10563,"comment_status":"open","ping_status":"closed","template":"","meta":[],"product_cat":[45,57,62,79],"product_tag":[],"class_list":{"0":"post-7081","1":"product","2":"type-product","3":"status-publish","4":"has-post-thumbnail","6":"product_cat-economy","7":"product_cat-luxury","8":"product_cat-modern-trip","9":"product_cat-sports","11":"first","12":"instock","13":"shipping-taxable","14":"purchasable","15":"product-type-redq_rental"},"_links":{"self":[{"href":"https:\/\/turbo.redq.io\/translatepress\/es\/wp-json\/wp\/v2\/product\/7081","targetHints":{"allow":["GET"]}}],"collection":[{"href":"https:\/\/turbo.redq.io\/translatepress\/es\/wp-json\/wp\/v2\/product"}],"about":[{"href":"https:\/\/turbo.redq.io\/translatepress\/es\/wp-json\/wp\/v2\/types\/product"}],"replies":[{"embeddable":true,"href":"https:\/\/turbo.redq.io\/translatepress\/es\/wp-json\/wp\/v2\/comments?post=7081"}],"wp:featuredmedia":[{"embeddable":true,"href":"https:\/\/turbo.redq.io\/translatepress\/es\/wp-json\/wp\/v2\/media\/10563"}],"wp:attachment":[{"href":"https:\/\/turbo.redq.io\/translatepress\/es\/wp-json\/wp\/v2\/media?parent=7081"}],"wp:term":[{"taxonomy":"product_cat","embeddable":true,"href":"https:\/\/turbo.redq.io\/translatepress\/es\/wp-json\/wp\/v2\/product_cat?post=7081"},{"taxonomy":"product_tag","embeddable":true,"href":"https:\/\/turbo.redq.io\/translatepress\/es\/wp-json\/wp\/v2\/product_tag?post=7081"}],"curies":[{"name":"wp","href":"https:\/\/api.w.org\/{rel}","templated":true}]}}