{"id":1843,"date":"2023-05-10T02:39:48","date_gmt":"2023-05-10T02:39:48","guid":{"rendered":"https:\/\/turbo.redq.io\/turbo\/?page_id=1843"},"modified":"2023-12-08T04:24:06","modified_gmt":"2023-12-08T04:24:06","slug":"about","status":"publish","type":"page","link":"https:\/\/turbo.redq.io\/translatepress\/es\/about\/","title":{"rendered":"Acerca de"},"content":{"rendered":"<div data-elementor-type=\"wp-page\" data-elementor-id=\"1843\" class=\"elementor elementor-1843\">\n\t\t\t\t\t\t<section class=\"elementor-section elementor-top-section elementor-element elementor-element-54e1714 elementor-section-boxed elementor-section-height-default elementor-section-height-default\" data-id=\"54e1714\" data-element_type=\"section\">\n\t\t\t\t\t\t<div class=\"elementor-container elementor-column-gap-no\">\n\t\t\t\t\t<div class=\"elementor-column elementor-col-100 elementor-top-column elementor-element elementor-element-9f6b314\" data-id=\"9f6b314\" data-element_type=\"column\">\n\t\t\t<div class=\"elementor-widget-wrap elementor-element-populated\">\n\t\t\t\t\t\t<div class=\"elementor-element elementor-element-91b1aab elementor-widget elementor-widget-tm_fancy_title\" data-id=\"91b1aab\" data-element_type=\"widget\" data-widget_type=\"tm_fancy_title.default\">\n\t\t\t\t<div class=\"elementor-widget-container\">\n\t\t\t\t\t\n<div class=\"fancy-title-container\">\n    <h2 class=\"fancy-title font-semibold uppercase text-h2\">Sobre nosotras<\/h2>\n\n            <p class=\"fancy-desc text-light-text leading-7\">\n\n            \u00bfNecesita una mano experimentada y capacitada con proyectos de TI personalizados?  <br>\nComplete el formulario para obtener una consulta gratuita.\n                            <a  class=\"inline-block underline-offset-8 font-medium\">\n                                    <\/a>\n            \n        <\/p>\n    \n<\/div>\t\t\t\t<\/div>\n\t\t\t\t<\/div>\n\t\t\t\t<div class=\"elementor-element elementor-element-6dad84c elementor-widget elementor-widget-tm_workflow\" data-id=\"6dad84c\" data-element_type=\"widget\" data-widget_type=\"tm_workflow.default\">\n\t\t\t\t<div class=\"elementor-widget-container\">\n\t\t\t\t\t<div class=\"lg:container mx-auto px-4 layout-vertical\">\n    <div class=\"grid grid-cols-1 sm:grid-cols-2 lg:grid-cols-4 gap-8\">\n                    <div class=\"wf_card bg-bg-white relative z-10 text-center shadow-main py-10 xl:py-16 px-6 rounded-lg\">\n                                    <span class=\"icon_bg flex justify-center mb-10 xl:mb-13\">\n                        <img decoding=\"async\" src=\"https:\/\/turbo.redq.io\/translatepress\/wp-content\/uploads\/sites\/11\/2023\/12\/Fully-Integrated-1.png\" alt=\"Search Location\" \/>\n                    <\/span>\n                                <h2 class=\"wf_title text-lg font-semibold uppercase text-brand\">Totalmente integrado<\/h2>\n                <p class=\"wf_content mt-2 mb-0 text-sm text-light-text leading-6\">Necesito un experimentado<\/p>\n            <\/div>\n                    <div class=\"wf_card bg-bg-white relative z-10 text-center shadow-main py-10 xl:py-16 px-6 rounded-lg\">\n                                    <span class=\"icon_bg flex justify-center mb-10 xl:mb-13\">\n                        <img decoding=\"async\" src=\"https:\/\/turbo.redq.io\/translatepress\/wp-content\/uploads\/sites\/11\/2023\/12\/002-credit-card.png\" alt=\"Search Location\" \/>\n                    <\/span>\n                                <h2 class=\"wf_title text-lg font-semibold uppercase text-brand\">Funcionalidad de pagos<\/h2>\n                <p class=\"wf_content mt-2 mb-0 text-sm text-light-text leading-6\">Necesito un experimentado<\/p>\n            <\/div>\n                    <div class=\"wf_card bg-bg-white relative z-10 text-center shadow-main py-10 xl:py-16 px-6 rounded-lg\">\n                                    <span class=\"icon_bg flex justify-center mb-10 xl:mb-13\">\n                        <img decoding=\"async\" src=\"https:\/\/turbo.redq.io\/translatepress\/wp-content\/uploads\/sites\/11\/2023\/12\/Info-2.png\" alt=\"Search Location\" \/>\n                    <\/span>\n                                <h2 class=\"wf_title text-lg font-semibold uppercase text-brand\">Plataforma mejorada<\/h2>\n                <p class=\"wf_content mt-2 mb-0 text-sm text-light-text leading-6\">Necesito un experimentado<\/p>\n            <\/div>\n                    <div class=\"wf_card bg-bg-white relative z-10 text-center shadow-main py-10 xl:py-16 px-6 rounded-lg\">\n                                    <span class=\"icon_bg flex justify-center mb-10 xl:mb-13\">\n                        <img decoding=\"async\" src=\"https:\/\/turbo.redq.io\/translatepress\/wp-content\/uploads\/sites\/11\/2023\/12\/Info.png\" alt=\"Search Location\" \/>\n                    <\/span>\n                                <h2 class=\"wf_title text-lg font-semibold uppercase text-brand\">Totalmente integrado<\/h2>\n                <p class=\"wf_content mt-2 mb-0 text-sm text-light-text leading-6\">Necesito un experimentado<\/p>\n            <\/div>\n            <\/div>\n<\/div>\t\t\t\t<\/div>\n\t\t\t\t<\/div>\n\t\t\t\t\t<\/div>\n\t\t<\/div>\n\t\t\t\t\t<\/div>\n\t\t<\/section>\n\t\t<div class=\"elementor-element elementor-element-72083fe e-flex e-con-boxed e-con e-parent\" data-id=\"72083fe\" data-element_type=\"container\">\n\t\t\t\t\t<div class=\"e-con-inner\">\n\t\t\t\t<div class=\"elementor-element elementor-element-5981018 elementor-widget elementor-widget-tm_description\" data-id=\"5981018\" data-element_type=\"widget\" data-widget_type=\"tm_description.default\">\n\t\t\t\t<div class=\"elementor-widget-container\">\n\t\t\t\t\t\n\n<div class=\"d-container lg:container mx-auto px-4\">\n            <h2 class=\"d-title mb-3 font-semibold uppercase text-2xl\">\n            \u00bfTienes algo que compartir?        <\/h2>\n    \n            <p class=\"d-desc text-light-text text-sm leading-7 [&_a]:font-semibold [&_a]:!underline [&_a]:text-inherit [&_a]:hover:text-inherit\">\n            Nacemos del dolor que tuvimos al encontrar im\u00e1genes geniales y utilizables. Y no est\u00e1bamos solos. Por eso, hoy en d\u00eda, millones de creadores de todo el mundo han descargado\nM\u00e1s de 2 mil millones de activos para crear presentaciones, obras de arte y maquetas. \u00a1M\u00e1s de 80.000+ suscriptores est\u00e1n esperando tus activos! Env\u00ede sus activos y obtenga m\u00e1s exposici\u00f3n\na tus obras. Estaremos encantados de presentarlo en nuestro sitio. Utilice este formulario para hacerlo. Pixer es un buffet de recursos de dise\u00f1o de primera calidad que se ofrece de forma gratuita al\ncomunidad. Aqu\u00ed encontrar\u00e1 archivos PSD exclusivos \"preparados\" internamente junto con obsequios de primer nivel de creativos de todo el mundo.        <\/p>\n    <\/div>\t\t\t\t<\/div>\n\t\t\t\t<\/div>\n\t\t\t\t\t<\/div>\n\t\t\t\t<\/div>\n\t\t\t\t<section class=\"elementor-section elementor-top-section elementor-element elementor-element-088cbd6 elementor-section-boxed elementor-section-height-default elementor-section-height-default\" data-id=\"088cbd6\" data-element_type=\"section\">\n\t\t\t\t\t\t<div class=\"elementor-container elementor-column-gap-no\">\n\t\t\t\t\t<div class=\"elementor-column elementor-col-100 elementor-top-column elementor-element elementor-element-30aaefb\" data-id=\"30aaefb\" data-element_type=\"column\">\n\t\t\t<div class=\"elementor-widget-wrap elementor-element-populated\">\n\t\t\t\t\t\t<div class=\"elementor-element elementor-element-4af366e elementor-widget elementor-widget-tm_fancy_title\" data-id=\"4af366e\" data-element_type=\"widget\" data-widget_type=\"tm_fancy_title.default\">\n\t\t\t\t<div class=\"elementor-widget-container\">\n\t\t\t\t\t\n<div class=\"fancy-title-container\">\n    <h2 class=\"fancy-title font-semibold uppercase text-h2\">El equipo ejecutivo<\/h2>\n\n            <p class=\"fancy-desc text-light-text leading-7\">\n\n            No hay nada que realmente quisiera hacer en la vida en lo que no pude mejorar. Esa es mi habilidad.\n                            <a  class=\"inline-block underline-offset-8 font-medium\">\n                                    <\/a>\n            \n        <\/p>\n    \n<\/div>\t\t\t\t<\/div>\n\t\t\t\t<\/div>\n\t\t\t\t<div class=\"elementor-element elementor-element-c524a37 elementor-widget elementor-widget-tm_team\" data-id=\"c524a37\" data-element_type=\"widget\" data-widget_type=\"tm_team.default\">\n\t\t\t\t<div class=\"elementor-widget-container\">\n\t\t\t\t\t\n<div class=\"lg:container mx-auto px-4\">\n\n    <div class=\"team-container grid grid-cols-1 sm:grid-cols-2 gap-6\">\n\n        \n            <div class=\"team-card bg-bg-white relative shadow-main rounded-lg p-4 flex gap-6 transition-all duration-300\">\n\n                \n                    <figure class=\"team-image rounded-lg overflow-hidden m-0 aspect-square max-w-[192px] w-full\">\n\n                        <img loading=\"lazy\" decoding=\"async\" width=\"192\" height=\"192\" src=\"https:\/\/turbo.redq.io\/translatepress\/wp-content\/uploads\/sites\/11\/2023\/12\/img-4.png\" class=\"w-full h-full object-cover\" alt=\"Sophia Garcia\" srcset=\"https:\/\/turbo.redq.io\/translatepress\/wp-content\/uploads\/sites\/11\/2023\/12\/img-4.png 192w, https:\/\/turbo.redq.io\/translatepress\/wp-content\/uploads\/sites\/11\/2023\/12\/img-4-150x150.png 150w, https:\/\/turbo.redq.io\/translatepress\/wp-content\/uploads\/sites\/11\/2023\/12\/img-4-12x12.png 12w, https:\/\/turbo.redq.io\/translatepress\/wp-content\/uploads\/sites\/11\/2023\/12\/img-4-100x100.png 100w\" sizes=\"auto, (max-width: 192px) 100vw, 192px\" \/>\n                    <\/figure>\n\n                \n                <div class=\"team-text-container\">\n\n                    <h4 class=\"team-title mb-1 text-lg leading-6 font-medium uppercase\">Sof\u00eda Garc\u00eda<\/h4>\n\n                    <p class=\"team-subtitle mb-4 text-sm text-dark-text leading-[18px] uppercase\">Directora de operaciones<\/p>\n\n                    <p class=\"team-desc mb-0 text-sm text-light-text leading-7\">Artista es un t\u00e9rmino aplicado a una persona.\nque se dedique a una actividad considerada\nUn arte.<\/p>\n\n                <\/div>\n\n            <\/div>\n\n        \n            <div class=\"team-card bg-bg-white relative shadow-main rounded-lg p-4 flex gap-6 transition-all duration-300\">\n\n                \n                    <figure class=\"team-image rounded-lg overflow-hidden m-0 aspect-square max-w-[192px] w-full\">\n\n                        <img loading=\"lazy\" decoding=\"async\" width=\"192\" height=\"192\" src=\"https:\/\/turbo.redq.io\/translatepress\/wp-content\/uploads\/sites\/11\/2023\/12\/img-3.png\" class=\"w-full h-full object-cover\" alt=\"William Pearce\" srcset=\"https:\/\/turbo.redq.io\/translatepress\/wp-content\/uploads\/sites\/11\/2023\/12\/img-3.png 192w, https:\/\/turbo.redq.io\/translatepress\/wp-content\/uploads\/sites\/11\/2023\/12\/img-3-150x150.png 150w, https:\/\/turbo.redq.io\/translatepress\/wp-content\/uploads\/sites\/11\/2023\/12\/img-3-12x12.png 12w, https:\/\/turbo.redq.io\/translatepress\/wp-content\/uploads\/sites\/11\/2023\/12\/img-3-100x100.png 100w\" sizes=\"auto, (max-width: 192px) 100vw, 192px\" \/>\n                    <\/figure>\n\n                \n                <div class=\"team-text-container\">\n\n                    <h4 class=\"team-title mb-1 text-lg leading-6 font-medium uppercase\">Guillermo Pearce<\/h4>\n\n                    <p class=\"team-subtitle mb-4 text-sm text-dark-text leading-[18px] uppercase\">Dise\u00f1adora de interfaz de usuario<\/p>\n\n                    <p class=\"team-desc mb-0 text-sm text-light-text leading-7\">Artista es un t\u00e9rmino aplicado a una persona.\nque se dedique a una actividad considerada\nUn arte.<\/p>\n\n                <\/div>\n\n            <\/div>\n\n        \n            <div class=\"team-card bg-bg-white relative shadow-main rounded-lg p-4 flex gap-6 transition-all duration-300\">\n\n                \n                    <figure class=\"team-image rounded-lg overflow-hidden m-0 aspect-square max-w-[192px] w-full\">\n\n                        <img loading=\"lazy\" decoding=\"async\" width=\"192\" height=\"192\" src=\"https:\/\/turbo.redq.io\/translatepress\/wp-content\/uploads\/sites\/11\/2023\/12\/img-2.png\" class=\"w-full h-full object-cover\" alt=\"Ivan Flow\" srcset=\"https:\/\/turbo.redq.io\/translatepress\/wp-content\/uploads\/sites\/11\/2023\/12\/img-2.png 192w, https:\/\/turbo.redq.io\/translatepress\/wp-content\/uploads\/sites\/11\/2023\/12\/img-2-150x150.png 150w, https:\/\/turbo.redq.io\/translatepress\/wp-content\/uploads\/sites\/11\/2023\/12\/img-2-12x12.png 12w, https:\/\/turbo.redq.io\/translatepress\/wp-content\/uploads\/sites\/11\/2023\/12\/img-2-100x100.png 100w\" sizes=\"auto, (max-width: 192px) 100vw, 192px\" \/>\n                    <\/figure>\n\n                \n                <div class=\"team-text-container\">\n\n                    <h4 class=\"team-title mb-1 text-lg leading-6 font-medium uppercase\">Iv\u00e1n Flujo<\/h4>\n\n                    <p class=\"team-subtitle mb-4 text-sm text-dark-text leading-[18px] uppercase\">Directora ejecutiva<\/p>\n\n                    <p class=\"team-desc mb-0 text-sm text-light-text leading-7\">Artista es un t\u00e9rmino aplicado a una persona.\nque se dedique a una actividad considerada\nUn arte.<\/p>\n\n                <\/div>\n\n            <\/div>\n\n        \n            <div class=\"team-card bg-bg-white relative shadow-main rounded-lg p-4 flex gap-6 transition-all duration-300\">\n\n                \n                    <figure class=\"team-image rounded-lg overflow-hidden m-0 aspect-square max-w-[192px] w-full\">\n\n                        <img loading=\"lazy\" decoding=\"async\" width=\"192\" height=\"192\" src=\"https:\/\/turbo.redq.io\/translatepress\/wp-content\/uploads\/sites\/11\/2023\/12\/img-1.png\" class=\"w-full h-full object-cover\" alt=\"William Pearce\" srcset=\"https:\/\/turbo.redq.io\/translatepress\/wp-content\/uploads\/sites\/11\/2023\/12\/img-1.png 192w, https:\/\/turbo.redq.io\/translatepress\/wp-content\/uploads\/sites\/11\/2023\/12\/img-1-150x150.png 150w, https:\/\/turbo.redq.io\/translatepress\/wp-content\/uploads\/sites\/11\/2023\/12\/img-1-12x12.png 12w, https:\/\/turbo.redq.io\/translatepress\/wp-content\/uploads\/sites\/11\/2023\/12\/img-1-100x100.png 100w\" sizes=\"auto, (max-width: 192px) 100vw, 192px\" \/>\n                    <\/figure>\n\n                \n                <div class=\"team-text-container\">\n\n                    <h4 class=\"team-title mb-1 text-lg leading-6 font-medium uppercase\">Guillermo Pearce<\/h4>\n\n                    <p class=\"team-subtitle mb-4 text-sm text-dark-text leading-[18px] uppercase\">Desarrolladora JS<\/p>\n\n                    <p class=\"team-desc mb-0 text-sm text-light-text leading-7\">Artista es un t\u00e9rmino aplicado a una persona.\nque se dedique a una actividad considerada\nUn arte.<\/p>\n\n                <\/div>\n\n            <\/div>\n\n        \n    <\/div>\n\n<\/div>\t\t\t\t<\/div>\n\t\t\t\t<\/div>\n\t\t\t\t\t<\/div>\n\t\t<\/div>\n\t\t\t\t\t<\/div>\n\t\t<\/section>\n\t\t<div class=\"elementor-element elementor-element-d788565 e-flex e-con-boxed e-con e-parent\" data-id=\"d788565\" data-element_type=\"container\">\n\t\t\t\t\t<div class=\"e-con-inner\">\n\t\t\t\t<div class=\"elementor-element elementor-element-274fb39 elementor-widget elementor-widget-tm_fancy_title\" data-id=\"274fb39\" data-element_type=\"widget\" data-widget_type=\"tm_fancy_title.default\">\n\t\t\t\t<div class=\"elementor-widget-container\">\n\t\t\t\t\t\n<div class=\"fancy-title-container\">\n    <h2 class=\"fancy-title font-semibold uppercase text-h2\">Contacta con nosotras<\/h2>\n\n            <p class=\"fancy-desc text-light-text leading-7\">\n\n            Siempre estamos felices de charlar. Una buena manera de llegar hasta nosotros aqu\u00ed.\n                            <a href=\"\/translatepress\/es\/contact-us\/\" target=\"_blank\" rel=\"nofollow\" class=\"inline-block underline-offset-8 font-medium\">\n                    Contacta con nosotras                <\/a>\n            \n        <\/p>\n    \n<\/div>\t\t\t\t<\/div>\n\t\t\t\t<\/div>\n\t\t\t\t\t<\/div>\n\t\t\t\t<\/div>\n\t\t\t\t<\/div>\n\t\t\n    <div class=\"xs_social_share_widget xs_share_url after_content \t\tmain_content  wslu-style-1 wslu-share-box-shaped wslu-fill-colored wslu-none wslu-share-horizontal wslu-theme-font-no wslu-main_content\">\n\n\t\t\n        <ul>\n\t\t\t        <\/ul>\n    <\/div>","protected":false},"excerpt":{"rendered":"","protected":false},"author":1,"featured_media":0,"parent":0,"menu_order":0,"comment_status":"closed","ping_status":"closed","template":"elementor_header_footer","meta":{"footnotes":""},"class_list":["post-1843","page","type-page","status-publish","hentry"],"_links":{"self":[{"href":"https:\/\/turbo.redq.io\/translatepress\/es\/wp-json\/wp\/v2\/pages\/1843","targetHints":{"allow":["GET"]}}],"collection":[{"href":"https:\/\/turbo.redq.io\/translatepress\/es\/wp-json\/wp\/v2\/pages"}],"about":[{"href":"https:\/\/turbo.redq.io\/translatepress\/es\/wp-json\/wp\/v2\/types\/page"}],"author":[{"embeddable":true,"href":"https:\/\/turbo.redq.io\/translatepress\/es\/wp-json\/wp\/v2\/users\/1"}],"replies":[{"embeddable":true,"href":"https:\/\/turbo.redq.io\/translatepress\/es\/wp-json\/wp\/v2\/comments?post=1843"}],"version-history":[{"count":6,"href":"https:\/\/turbo.redq.io\/translatepress\/es\/wp-json\/wp\/v2\/pages\/1843\/revisions"}],"predecessor-version":[{"id":10881,"href":"https:\/\/turbo.redq.io\/translatepress\/es\/wp-json\/wp\/v2\/pages\/1843\/revisions\/10881"}],"wp:attachment":[{"href":"https:\/\/turbo.redq.io\/translatepress\/es\/wp-json\/wp\/v2\/media?parent=1843"}],"curies":[{"name":"wp","href":"https:\/\/api.w.org\/{rel}","templated":true}]}}